{"id":11,"date":"2014-06-22T10:26:54","date_gmt":"2014-06-22T09:26:54","guid":{"rendered":"http:\/\/phil-conducteur.net\/blog\/?page_id=11"},"modified":"2025-10-23T10:14:28","modified_gmt":"2025-10-23T09:14:28","slug":"permis-a-1e","status":"publish","type":"page","link":"https:\/\/phil-conducteur.net\/blog\/permis-a-1e\/","title":{"rendered":"Permis 1\u20ac et CPF"},"content":{"rendered":"\t\t<div data-elementor-type=\"wp-page\" data-elementor-id=\"11\" class=\"elementor elementor-11\" data-elementor-post-type=\"page\">\n\t\t\t\t<div class=\"elementor-element elementor-element-41907572 e-flex e-con-boxed e-con e-parent\" data-id=\"41907572\" data-element_type=\"container\" data-e-type=\"container\">\n\t\t\t\t\t<div class=\"e-con-inner\">\n\t\t\t\t<div class=\"elementor-element elementor-element-7b30fcb8 elementor-widget elementor-widget-text-editor\" data-id=\"7b30fcb8\" data-element_type=\"widget\" data-e-type=\"widget\" data-widget_type=\"text-editor.default\">\n\t\t\t\t\t\t\t\t\t<div id=\"content\" class=\"col w66\"><h2>Le permis \u00e0 1\u20ac :<\/h2><h2><img loading=\"lazy\" decoding=\"async\" class=\"alignleft size-full wp-image-407\" src=\"https:\/\/phil-conducteur.net\/blog\/wp-content\/uploads\/2018\/04\/logo_permis_1_euro_jour.png\" alt=\"Logo du permis a 1\u20ac\" width=\"300\" height=\"187\" \/><\/h2><p>C&rsquo;est un pr\u00eat* dont les int\u00e9r\u00eats sont pris en charge par l&rsquo;\u00c9tat.<br \/>Le \u00ab\u00a0permis \u00e0 un euro par jour\u00a0\u00bb a \u00e9t\u00e9 mis en place par l&rsquo;\u00c9tat, en partenariat avec les \u00e9tablissements pr\u00eateurs et les \u00e9coles de conduite, pour aider les jeunes de 16 \u00e0 25 ans r\u00e9volus \u00e0 financer leurs pr\u00e9parations au permis de conduire.<\/p><p>Il permet aux jeunes de b\u00e9n\u00e9ficier d&rsquo;une facilit\u00e9 de paiement 1 : le co\u00fbt total de la formation au permis ne change pas, mais l&rsquo;\u00e9tablissement financier avance l&rsquo;argent et l&rsquo;\u00c9tat paie les int\u00e9r\u00eats.<\/p><p><i>*Un cr\u00e9dit vous engage et doit \u00eatre rembours\u00e9. V\u00e9rifiez vos capacit\u00e9s de remboursement avant de vous engager.<\/i><\/p><h2>Pourquoi ?<\/h2><p>Le \u00ab\u00a0permis \u00e0 un euro par jour\u00a0\u00bb permet de r\u00e9pondre \u00e0 deux objectifs principaux :<\/p><ul class=\"txtleft ml2\"><li>faciliter l&rsquo;acc\u00e8s au permis de conduire, dont le co\u00fbt peut repr\u00e9senter un frein et un obstacle fort \u00e0 l&rsquo;obtention d&rsquo;un emploi ;<\/li><li>continuer \u00e0 am\u00e9liorer la qualit\u00e9 g\u00e9n\u00e9rale de la formation, gr\u00e2ce \u00e0 un partenariat avec les \u00e9coles de conduite fond\u00e9 sur leur engagement dans une d\u00e9marche de qualit\u00e9.<\/li><\/ul><h2>Comment en b\u00e9n\u00e9ficier ?<\/h2><p>Le candidat majeur doit directement contracter le pr\u00eat avec l\u2019\u00e9tablissement financier (<a href=\"http:\/\/www.securite-routiere.gouv.fr\/connaitre-les-regles\/permis-de-conduire\/le-permis-a-1-euro-par-jour\/etablissements-financiers\" target=\"_blank\" rel=\"noopener noreferrer\">voir la liste des \u00e9tablissements<\/a>). Pour cela, trois possibilit\u00e9s s&rsquo;offrent \u00e0 lui selon ses capacit\u00e9s financi\u00e8res et les discussions engag\u00e9es avec l&rsquo;organisme pr\u00eateur :<\/p><ul class=\"txtleft ml2\"><li>soit il fournit un justificatif de revenus avec des revenus suffisants pour rembourser les 30 \u20ac par mois ;<\/li><li>soit il garantit le remboursement de son pr\u00eat par l\u2019apport d\u2019une caution ;<\/li><li>soit il s&rsquo;inscrit dans le cadre d&rsquo;un co-emprunt avec ses parents (c&rsquo;est-\u00e0-dire que le jeune et ses parents empruntent ensemble) afin d&rsquo;augmenter les chances d&rsquo;avoir une r\u00e9ponse positive de l&rsquo;\u00e9tablissement de cr\u00e9dit.<\/li><\/ul><p>Si le candidat est mineur (dans le cadre de l&rsquo;apprentissage anticip\u00e9 de la conduite), ce sont les parents qui empruntent pour le compte du jeune candidat.<\/p><p class=\"txtcenter\"><b>Contactez-nous, nous pouvons vous aider dans cette d\u00e9marche :<\/b><br \/><a href=\"tel:0557968405\">05.57.96.84.05<\/a><a title=\"Formulaire de Contact\" href=\"mailto:conatct@phil-conducteur.net\"> &#8211; contact@phil-conducteur.net<\/a><\/p><h2>La Garantie Financi\u00e8re :<\/h2><p>Il arrive parfois qu\u2019une auto-\u00e9cole mette la cl\u00e9 sous la porte et que les \u00e9l\u00e8ves inscrits dans cet \u00e9tablissement perdent d\u00e9finitivement leur argent.<br \/>La garantie financi\u00e8re est<b> une assurance souscrite par notre \u00e9tablissement<\/b>, qui pr\u00e9voit le remboursement des prestations non consomm\u00e9es par l\u2019\u00e9l\u00e8ve en cas de fermeture de l\u2019\u00e9tablissement. Et ce, quel que soit le motif. <b>Cette garantie est un gage de fiabilit\u00e9 de l\u2019auto-\u00e9cole.<\/b><\/p><h2>Plus d&rsquo;informations ?<\/h2><p>Rendez-vous sur <a href=\"http:\/\/www.securite-routiere.gouv.fr\/connaitre-les-regles\/permis-de-conduire\/le-permis-a-1-euro-par-jour\/\" target=\"_blank\" rel=\"noopener noreferrer\">le site officiel de la s\u00e9curit\u00e9 routi\u00e8re<\/a> pour obtenir plus d&rsquo;informations sur le dispositif.<\/p><h2>Le CPF (compte personnel de formation) :<\/h2><p>Les candidats majeurs de nationalit\u00e9 fran\u00e7aise qui ont travaill\u00e9 ont cumul\u00e9 des droits \u00e0 la formation sur leur CPF. Les auto-\u00e9coles labellis\u00e9es, dont nous faisons partie, peuvent recevoir ce type de financement. Pour toute question, merci de prendre contact avec nous.<\/p><\/div>\t\t\t\t\t\t\t\t<\/div>\n\t\t\t\t\t<\/div>\n\t\t\t\t<\/div>\n\t\t\t\t<\/div>\n\t\t","protected":false},"excerpt":{"rendered":"<p>Le permis \u00e0 1\u20ac : C&rsquo;est un pr\u00eat* dont les int\u00e9r\u00eats sont pris en charge par l&rsquo;\u00c9tat.Le \u00ab\u00a0permis \u00e0 un euro par jour\u00a0\u00bb a \u00e9t\u00e9 mis en place par l&rsquo;\u00c9tat, en partenariat avec les \u00e9tablissements pr\u00eateurs et les \u00e9coles de conduite, pour aider les jeunes de 16 \u00e0 25 ans r\u00e9volus \u00e0 financer leurs pr\u00e9parations [&hellip;]<\/p>\n","protected":false},"author":1,"featured_media":0,"parent":0,"menu_order":0,"comment_status":"open","ping_status":"open","template":"elementor_header_footer","meta":{"footnotes":""},"class_list":["post-11","page","type-page","status-publish","hentry"],"_links":{"self":[{"href":"https:\/\/phil-conducteur.net\/blog\/wp-json\/wp\/v2\/pages\/11","targetHints":{"allow":["GET"]}}],"collection":[{"href":"https:\/\/phil-conducteur.net\/blog\/wp-json\/wp\/v2\/pages"}],"about":[{"href":"https:\/\/phil-conducteur.net\/blog\/wp-json\/wp\/v2\/types\/page"}],"author":[{"embeddable":true,"href":"https:\/\/phil-conducteur.net\/blog\/wp-json\/wp\/v2\/users\/1"}],"replies":[{"embeddable":true,"href":"https:\/\/phil-conducteur.net\/blog\/wp-json\/wp\/v2\/comments?post=11"}],"version-history":[{"count":21,"href":"https:\/\/phil-conducteur.net\/blog\/wp-json\/wp\/v2\/pages\/11\/revisions"}],"predecessor-version":[{"id":1808,"href":"https:\/\/phil-conducteur.net\/blog\/wp-json\/wp\/v2\/pages\/11\/revisions\/1808"}],"wp:attachment":[{"href":"https:\/\/phil-conducteur.net\/blog\/wp-json\/wp\/v2\/media?parent=11"}],"curies":[{"name":"wp","href":"https:\/\/api.w.org\/{rel}","templated":true}]}}